{"id":8302,"date":"2012-10-25T10:37:21","date_gmt":"2012-10-25T15:37:21","guid":{"rendered":"https:\/\/can.wrmeadows.com\/?page_id=8302"},"modified":"2024-03-05T09:36:13","modified_gmt":"2024-03-05T15:36:13","slug":"documentation-sur-les-produits-de-construction","status":"publish","type":"page","link":"https:\/\/can.wrmeadows.com\/fr-ca\/documentation-sur-les-produits-de-construction\/","title":{"rendered":"Documentation sur les produits de construction"},"content":{"rendered":"<p><strong>Catalogues, guides et brochures de s&eacute;lection des produits de construction<\/strong> <strong><br \/>\n  Soumettez votre demande pour l&rsquo;un des catalogues de produits ou brochures<br \/>\n  W. R. MEADOWS suivants<\/strong> <em>(t&eacute;l&eacute;chargez la version PDF le cas &eacute;ch&eacute;ant) <\/em><br \/>\n  <strong>ou appelez sans frais (&Eacute;tats-Unis) au : 1-800-825-5976<\/strong><\/p>\n<table width=\"100%\" border=\"1\" cellspacing=\"0\" cellpadding=\"5\">\n<tbody>\n<tr>\n<td width=\"25%\" align=\"center\" valign=\"top\"><img decoding=\"async\" src=\"https:\/\/can.wrmeadows.com\/wp-content\/uploads\/br-2-fr.jpg\" alt=\"br-2 fr\" width=\"140\" class=\"alignnone size-full wp-image-17550\" \/><br \/>\n  <a href=\"https:\/\/can.wrmeadows.com\/formulaire-demande-documentation\/\">Exemplaire Imprim\u00e9<\/a><\/td>\n<td width=\"75%\" valign=\"top\"><strong>AIR-SHIELD Brochure [#BR-2]<\/strong><br \/>\n    Notre brochure AIR-SHIELD couvre en d\u00e9tail tous les produits de la ligne AIR-SHIELD, y compris <a href=\"https:\/\/can.wrmeadows.com\/air-shield-francais\/\">AIR-SHIELD<\/a>, <a href=\"https:\/\/can.wrmeadows.com\/air-shield-lm-francais\/\">AIR-SHIELD LM<\/a>, AIR-SHIELD LM (TOUTE SAISON) et <a href=\"https:\/\/can.wrmeadows.com\/air-shield-lmp-francais\/\">AIR-SHIELD LMP<\/a>. La brochure fournit \u00e9galement des informations compl\u00e8tes sur les dangers de l&rsquo;air se d\u00e9place de fuites d&rsquo;air non contr\u00f4l\u00e9e et comment, \u00e0 travers les enveloppes de construction poreux, ainsi que les moyens de r\u00e9soudre ces probl\u00e8mes.<\/p>\n<p>  <a href=\"https:\/\/can.wrmeadows.com\/data\/Air-Shield_Brochure-fr_br-2.pdf\" target=\"_blank\" rel=\"noopener\">PDF version<\/a><\/td>\n<\/tr>\n<tr>\n<td width=\"25%\" align=\"center\" valign=\"top\"><img loading=\"lazy\" decoding=\"async\" src=\"https:\/\/can.wrmeadows.com\/pics\/97c-francais.jpg\" alt=\"Catalogue Condens\u00e9\" width=\"140\" height=\"181\" \/><br \/>\n  <a href=\"https:\/\/can.wrmeadows.com\/formulaire-demande-documentation\/\">Exemplaire Imprim\u00e9<\/a><\/td>\n<td width=\"75%\" valign=\"top\"><strong>Catalogue Condens\u00e9<\/strong> <strong>des Produits pour la Construction #97C <\/strong><br \/>\n    Ce <strong>catalogue condens\u00e9<\/strong> de 28 pages <strong>des produits<\/strong> de premi\u00e8re qualit\u00e9 <strong>pour la construction<\/strong> est un guide de r\u00e9f\u00e9rence complet d&rsquo;acc\u00e8s facile et rapide contenant les photos et la description de plus de 100 produits des gammes MEADOWS et DECK-O-SEAL. Les pages du catalogue sont organis\u00e9es d&rsquo;apr\u00e8s la cat\u00e9gorie d&rsquo;application des produits et le code CSI. En plus d&rsquo;une description et d&rsquo;une photo, les principales normes et les informations sur l&#8217;emballage sont fournies pour chacun des produits. L&rsquo;\u00e9dition 2006 comprend nos plus r\u00e9cents produits, une mise \u00e0 jour des photos des emballages et des normes des produits pour les enveloppes de b\u00e2timent, incluant PMPC, AIR-SHIELD et AIR-SHIELD LM. Des informations sur l&rsquo;entreprise et les adresses de nos principaux bureaux sont aussi fournies.<\/p>\n<p>  <a href=\"https:\/\/can.wrmeadows.com\/data\/cat_97c-francais.pdf\" target=\"_blank\" rel=\"noopener\">PDF version<\/a> | <a href=\"https:\/\/can.wrmeadows.com\/press\/e-brochures\/Construction%20Products%20Condensed%20Catalog%2097C%20French\/\" target=\"_blank\" rel=\"noopener\">Electronic Brochure<\/a><\/td>\n<\/tr>\n<tr>\n<td width=\"25%\" align=\"center\" valign=\"top\"><img decoding=\"async\" src=\"https:\/\/can.wrmeadows.com\/wp-content\/uploads\/Cementitious_Waterproofing_Fr.jpg\" alt=\"Cementitious_Waterproofing_Fr\" width=\"140\" class=\"alignnone size-full wp-image-18261\" srcset=\"https:\/\/can.wrmeadows.com\/wp-content\/uploads\/Cementitious_Waterproofing_Fr.jpg 227w, https:\/\/can.wrmeadows.com\/wp-content\/uploads\/Cementitious_Waterproofing_Fr-226x300.jpg 226w\" sizes=\"(max-width: 227px) 100vw, 227px\" \/><br \/>\n  <a href=\"https:\/\/can.wrmeadows.com\/formulaire-demande-documentation\/\">Exemplaire Imprim\u00e9<\/a><\/td>\n<td width=\"75%\" valign=\"top\"><strong>Brochure d&rsquo;Imperm\u00e9abilisation Cimentaire #BR-15<\/strong><br \/>\n    Cette brochure couvre la ligne de Gemite des produits d&rsquo;\u00e9tanch\u00e9it\u00e9 \u00e0 base de ciment, qui sont parfaits pour des applications telles que les usines de traitement des eaux us\u00e9es, des r\u00e9servoirs d&rsquo;eau, et des structures de r\u00e9tention d&rsquo;eau. Ces produits sont con\u00e7us pour prot\u00e9ger contre une attaque chimique, ainsi que pour imperm\u00e9abiliser. Les produits vis\u00e9s comprennent <a href=\"https:\/\/can.wrmeadows.com\/fr-ca\/adi-con-cw-plus-francais\/\">ADI-CON CW PLUS<\/a>, <a href=\"https:\/\/can.wrmeadows.com\/cem-kote-cw-plus-francais\/\">CEM-KOTE CW PLUS<\/a>, <a href=\"https:\/\/can.wrmeadows.com\/cem-kote-flex-cr-francais\/\">CEM-KOTE FLEX CR<\/a> et <a href=\"https:\/\/can.wrmeadows.com\/cem-kote-flex-st-francais\/\">CEM-KOTE FLEX ST<\/a>.<\/p>\n<p>  <a href=\"https:\/\/can.wrmeadows.com\/data\/Cementitious_Waterproofing_Fr.pdf\" target=\"_blank\" rel=\"noopener\">PDF version<\/a><\/td>\n<\/tr>\n<tr>\n<td align=\"center\" valign=\"top\"><img loading=\"lazy\" decoding=\"async\" src=\"https:\/\/can.wrmeadows.com\/pics\/cat-moisture.fr.jpg\" alt=\"Brochure Francais\" width=\"139\" height=\"180\" \/><br \/>\n  <a href=\"https:\/\/can.wrmeadows.com\/formulaire-demande-documentation\/\">Exemplaire Imprim\u00e9<\/a><\/td>\n<td valign=\"top\"><strong>Contr\u00f4le Du D\u00e9placement De L&rsquo;Humidit\u00e9 Dans Les B\u00e2timents<\/strong><strong> #MM03 <\/strong><br \/>\n    La nouvelle brochure de 22 pages intitul\u00e9e \u00ab Contr\u00f4le du d\u00e9placement de l&rsquo;humidit\u00e9 dans les b\u00e2timents : l&rsquo;approche compl\u00e8te \u00bb de W. R. MEADOWS fournit les informations les plus r\u00e9centes sur l&rsquo;infiltration de l&rsquo;humidit\u00e9 dans les enveloppes de b\u00e2timent. Plusieurs points sont discut\u00e9s tels que le d\u00e9placement de l&rsquo;humidit\u00e9 au-dessus et en dessous du niveau du sol et le d\u00e9placement de l&rsquo;humidit\u00e9 par diffusion de la vapeur et de l&rsquo;air. Des informations sur le point de ros\u00e9e, des d\u00e9finitions, des \u00e9tudes de cas, des r\u00e9f\u00e9rences et des liens par Internet sont aussi inclus.<\/p>\n<p align=\"left\"><a href=\"https:\/\/can.wrmeadows.com\/data\/cat-mm03francais.pdf\" target=\"_blank\" rel=\"noopener\">PDF version<\/a> | <a href=\"https:\/\/can.wrmeadows.com\/press\/e-brochures\/Controlling%20Moisture%20Movement%20in%20Buildings%20MM03%20French\/\" target=\"_blank\" rel=\"noopener\">Electronic Brochure<\/a><\/p>\n<\/td>\n<\/tr>\n<tr>\n<td width=\"25%\" align=\"center\" valign=\"top\"><img decoding=\"async\" src=\"https:\/\/can.wrmeadows.com\/wp-content\/uploads\/induroshine-br-8-fr.jpg\" alt=\"br-8 fr\" width=\"140\" \/><br \/>\n  <a href=\"https:\/\/can.wrmeadows.com\/formulaire-demande-documentation\/\">Exemplaire Imprim\u00e9<\/a><\/td>\n<td width=\"75%\" valign=\"top\"><strong>INDUROSHINE Brochure [#BR-8]<\/strong><br \/>\n    INDUROSHINE est un polissage de plancher de b\u00e9ton compl\u00e8te et syst\u00e8me de broyage qui va transformer toute plancher de b\u00e9ton dans une architecture \u00e0 haute brillance, r\u00e9sistant \u00e0 l&rsquo;usure durable surface de b\u00e9ton, attrayant. Le syst\u00e8me combine <a href=\"https:\/\/can.wrmeadows.com\/liqui-hard-francais\/\">LIQUI-HARD<\/a> avec le diamant de meulage et de polissage des \u00e9quipements de notre r\u00e9seau d&rsquo;applicateurs agr\u00e9\u00e9s. Cette combinaison permet des r\u00e9sultats in\u00e9gal\u00e9s pour la rectification de b\u00e9ton et les applications de polissage. Demander cette brochure pour des informations d\u00e9taill\u00e9es sur le processus de INDUROSHINE. <\/p>\n<p>    <a href=\"https:\/\/can.wrmeadows.com\/data\/Induroshine-brochure-fr.pdf\" target=\"_blank\" rel=\"noopener\">PDF version<\/a><\/td>\n<\/tr>\n<tr>\n<td width=\"25%\" align=\"center\" valign=\"top\"><img loading=\"lazy\" decoding=\"async\" src=\"https:\/\/can.wrmeadows.com\/wp-content\/uploads\/precon-brochure-fr-e1455920034947.jpg\" alt=\"precon brochure fr\" width=\"140\" height=\"213\" class=\"alignnone size-full wp-image-17693\" \/><br \/>\n  <a href=\"https:\/\/can.wrmeadows.com\/formulaire-demande-documentation\/\">Exemplaire Imprim\u00e9<\/a><\/td>\n<td width=\"75%\" valign=\"top\"><strong>PRECON Brochure [#BR-20]<\/strong><br \/>\n    Gardez de l&rsquo;eau o\u00f9 il appartient \u00e0 membrane d&rsquo;\u00e9tanch\u00e9it\u00e9 PRECON . exclusif, brevet\u00e9 plasmatique technologie de base de PRECON fournit des taux de transmission de vapeur d&rsquo; eau le plus bas de l&rsquo;industrie , le blocage de l&rsquo;eau et de la vapeur et de r\u00e9duire \u00e9galement l&rsquo;intrusion de m\u00e9thane et de gaz radon et les termites . Con\u00e7ue pour durer , PRECON membrane imperm\u00e9able maintient des bases solides et des structures sec. Cette brochure pr\u00e9sente des photos d&rsquo;application , les donn\u00e9es techniques et les informations de l&rsquo;application &#8211; tout ce que vous devez savoir sur notre imperm\u00e9abilisation blindside populaire \/ membrane pour dessous. <\/p>\n<p>    <a href=\"https:\/\/can.wrmeadows.com\/data\/induroshine-fr.pdf\" target=\"_blank\" rel=\"noopener\">PDF version<\/a><\/td>\n<\/tr>\n<tr>\n<td width=\"25%\" align=\"center\" valign=\"top\"><img decoding=\"async\" data-attachment-id=\"39159\" data-permalink=\"https:\/\/can.wrmeadows.com\/fr-ca\/documentation-sur-les-produits-de-construction\/cemkote-flex-st-french\/\" data-orig-file=\"https:\/\/can.wrmeadows.com\/wp-content\/uploads\/cemkote-flex-st-french.jpg\" data-orig-size=\"464,598\" data-comments-opened=\"0\" data-image-meta=\"{&quot;aperture&quot;:&quot;0&quot;,&quot;credit&quot;:&quot;Brad Hull&quot;,&quot;camera&quot;:&quot;&quot;,&quot;caption&quot;:&quot;&quot;,&quot;created_timestamp&quot;:&quot;1471616965&quot;,&quot;copyright&quot;:&quot;&quot;,&quot;focal_length&quot;:&quot;0&quot;,&quot;iso&quot;:&quot;0&quot;,&quot;shutter_speed&quot;:&quot;0&quot;,&quot;title&quot;:&quot;&quot;,&quot;orientation&quot;:&quot;0&quot;}\" data-image-title=\"cemkote flex st french\" data-image-description=\"\" data-image-caption=\"\" data-large-file=\"https:\/\/can.wrmeadows.com\/wp-content\/uploads\/cemkote-flex-st-french.jpg\" src=\"https:\/\/can.wrmeadows.com\/wp-content\/uploads\/cemkote-flex-st-french-233x300.jpg\" alt=\"cemkote flex st french\" width=\"140\" class=\"alignnone size-medium wp-image-39159\" srcset=\"https:\/\/can.wrmeadows.com\/wp-content\/uploads\/cemkote-flex-st-french-233x300.jpg 233w, https:\/\/can.wrmeadows.com\/wp-content\/uploads\/cemkote-flex-st-french-209x270.jpg 209w, https:\/\/can.wrmeadows.com\/wp-content\/uploads\/cemkote-flex-st-french.jpg 464w\" sizes=\"(max-width: 233px) 100vw, 233px\" \/><br \/>\n  <a href=\"https:\/\/can.wrmeadows.com\/formulaire-demande-documentation\/\">Exemplaire Imprim\u00e9<\/a><\/td>\n<td width=\"75%\" valign=\"top\"><strong>CEM-KOTE FLEX ST Brochure<\/strong><br \/>\n    CEM-KOTE FLEX ST est con\u00e7u pour l&rsquo;imperm\u00e9abilisation positive et n\u00e9gative des structures de b\u00e9ton pour la construction neuve  et la r\u00e9fection. Il convient aux r\u00e9servoirs d&rsquo;eau et d&rsquo;eaux us\u00e9es, aux ouvrages de confinement secondaire, aux tunnels, aux dalles de b\u00e9ton, aux balcons et aux patios soumis \u00e0 une circulation l\u00e9g\u00e8re \u00e0 mod\u00e9r\u00e9e. <\/p>\n<p>    <a href=\"https:\/\/can.wrmeadows.com\/data\/cemkote-flex-st_fr.pdf\" target=\"_blank\" rel=\"noopener\">PDF version<\/a><\/td>\n<\/tr>\n<tr>\n<td width=\"25%\" align=\"center\" valign=\"top\"><img decoding=\"async\" src=\"https:\/\/can.wrmeadows.com\/wp-content\/uploads\/PERMINATOR-flyer-francais.jpg\" alt=\"PERMINATOR flyer francais\" width=\"140\" class=\"alignnone size-full wp-image-18260\" \/><br \/>\n  <a href=\"https:\/\/can.wrmeadows.com\/formulaire-demande-documentation\/\">Exemplaire Imprim\u00e9<\/a><\/td>\n<td width=\"75%\" valign=\"top\"><strong>PERMINATOR Prospectus<\/strong><br \/>\n    Cette information caract\u00e9ristiques de la feuille de vendre des photos en couleur et informations sur le produit pour le pare-vapeur de <a href=\"https:\/\/can.wrmeadows.com\/perminator-francais\/\">PERMINATOR<\/a>. Cette feuille de vente est utile pour aider les coll\u00e8gues, les employ\u00e9s et les clients en savoir plus sur le produit et \u00e9tendre la sensibilisation. <\/p>\n<p>    <a href=\"https:\/\/can.wrmeadows.com\/data\/Perminator_Flyer_Fr.pdf\" target=\"_blank\" rel=\"noopener\">PDF version<\/a><\/td>\n<\/tr>\n<\/tbody>\n<\/table>\n<p>&nbsp;<\/p>\n","protected":false},"excerpt":{"rendered":"<p>Catalogues, guides et brochures de s&eacute;lection des produits de construction Soumettez votre demande pour l&rsquo;un des catalogues de produits ou brochures W. R. MEADOWS suivants (t&eacute;l&eacute;chargez la version PDF le cas &eacute;ch&eacute;ant) ou appelez sans frais (&Eacute;tats-Unis) au : 1-800-825-5976 Exemplaire Imprim\u00e9 AIR-SHIELD Brochure [#BR-2] Notre brochure AIR-SHIELD couvre en d\u00e9tail tous les produits de&hellip;<\/p>\n","protected":false},"author":1,"featured_media":0,"parent":0,"menu_order":0,"comment_status":"closed","ping_status":"closed","template":"","meta":{"_acf_changed":false,"content-type":"","_genesis_hide_title":false,"_genesis_hide_breadcrumbs":false,"_genesis_hide_singular_image":false,"_genesis_hide_footer_widgets":false,"_genesis_custom_body_class":"","_genesis_custom_post_class":"","_genesis_layout":"full-width-content","footnotes":""},"class_list":{"0":"post-8302","1":"page","2":"type-page","3":"status-publish","5":"entry","6":"has-post-thumbnail"},"acf":[],"yoast_head":"<!-- This site is optimized with the Yoast SEO Premium plugin v27.5 (Yoast SEO v27.5) - https:\/\/yoast.com\/product\/yoast-seo-premium-wordpress\/ -->\n<title>Documentation sur les produits de construction - W. R. Meadows Canada<\/title>\n<meta name=\"robots\" content=\"index, follow, max-snippet:-1, max-image-preview:large, max-video-preview:-1\" \/>\n<link rel=\"canonical\" href=\"https:\/\/can.wrmeadows.com\/fr-ca\/documentation-sur-les-produits-de-construction\/\" \/>\n<meta property=\"og:locale\" content=\"en_US\" \/>\n<meta property=\"og:type\" content=\"article\" \/>\n<meta property=\"og:title\" content=\"Documentation sur les produits de construction\" \/>\n<meta property=\"og:url\" content=\"https:\/\/can.wrmeadows.com\/fr-ca\/documentation-sur-les-produits-de-construction\/\" \/>\n<meta property=\"og:site_name\" content=\"W. R. Meadows Canada\" \/>\n<meta property=\"article:publisher\" content=\"https:\/\/www.facebook.com\/wrmeadows\" \/>\n<meta property=\"article:modified_time\" content=\"2024-03-05T15:36:13+00:00\" \/>\n<meta property=\"og:image\" content=\"https:\/\/can.wrmeadows.com\/wp-content\/uploads\/br-2-fr.jpg\" \/>\n<meta name=\"twitter:card\" content=\"summary_large_image\" \/>\n<meta name=\"twitter:site\" content=\"@wrmeadows\" \/>\n<meta name=\"twitter:label1\" content=\"Estimation du temps de lecture\" \/>\n\t<meta name=\"twitter:data1\" content=\"4 minutes\" \/>\n<script type=\"application\/ld+json\" class=\"yoast-schema-graph\">{\"@context\":\"https:\\\/\\\/schema.org\",\"@graph\":[{\"@type\":\"WebPage\",\"@id\":\"https:\\\/\\\/can.wrmeadows.com\\\/fr-ca\\\/documentation-sur-les-produits-de-construction\\\/\",\"url\":\"https:\\\/\\\/can.wrmeadows.com\\\/fr-ca\\\/documentation-sur-les-produits-de-construction\\\/\",\"name\":\"Documentation sur les produits de construction - W. R. Meadows Canada\",\"isPartOf\":{\"@id\":\"https:\\\/\\\/can.wrmeadows.com\\\/fr-ca\\\/#website\"},\"primaryImageOfPage\":{\"@id\":\"https:\\\/\\\/can.wrmeadows.com\\\/fr-ca\\\/documentation-sur-les-produits-de-construction\\\/#primaryimage\"},\"image\":{\"@id\":\"https:\\\/\\\/can.wrmeadows.com\\\/fr-ca\\\/documentation-sur-les-produits-de-construction\\\/#primaryimage\"},\"thumbnailUrl\":\"https:\\\/\\\/can.wrmeadows.com\\\/wp-content\\\/uploads\\\/br-2-fr.jpg\",\"datePublished\":\"2012-10-25T15:37:21+00:00\",\"dateModified\":\"2024-03-05T15:36:13+00:00\",\"breadcrumb\":{\"@id\":\"https:\\\/\\\/can.wrmeadows.com\\\/fr-ca\\\/documentation-sur-les-produits-de-construction\\\/#breadcrumb\"},\"inLanguage\":\"fr-CA\",\"potentialAction\":[{\"@type\":\"ReadAction\",\"target\":[\"https:\\\/\\\/can.wrmeadows.com\\\/fr-ca\\\/documentation-sur-les-produits-de-construction\\\/\"]}]},{\"@type\":\"ImageObject\",\"inLanguage\":\"fr-CA\",\"@id\":\"https:\\\/\\\/can.wrmeadows.com\\\/fr-ca\\\/documentation-sur-les-produits-de-construction\\\/#primaryimage\",\"url\":\"https:\\\/\\\/can.wrmeadows.com\\\/wp-content\\\/uploads\\\/br-2-fr.jpg\",\"contentUrl\":\"https:\\\/\\\/can.wrmeadows.com\\\/wp-content\\\/uploads\\\/br-2-fr.jpg\"},{\"@type\":\"BreadcrumbList\",\"@id\":\"https:\\\/\\\/can.wrmeadows.com\\\/fr-ca\\\/documentation-sur-les-produits-de-construction\\\/#breadcrumb\",\"itemListElement\":[{\"@type\":\"ListItem\",\"position\":1,\"name\":\"Home\",\"item\":\"https:\\\/\\\/can.wrmeadows.com\\\/fr-ca\\\/\"},{\"@type\":\"ListItem\",\"position\":2,\"name\":\"Documentation sur les produits de construction\"}]},{\"@type\":\"WebSite\",\"@id\":\"https:\\\/\\\/can.wrmeadows.com\\\/fr-ca\\\/#website\",\"url\":\"https:\\\/\\\/can.wrmeadows.com\\\/fr-ca\\\/\",\"name\":\"W. R. Meadows Canada\",\"description\":\"Concrete Construction Products Manufacturer\",\"publisher\":{\"@id\":\"https:\\\/\\\/can.wrmeadows.com\\\/fr-ca\\\/#organization\"},\"potentialAction\":[{\"@type\":\"SearchAction\",\"target\":{\"@type\":\"EntryPoint\",\"urlTemplate\":\"https:\\\/\\\/can.wrmeadows.com\\\/fr-ca\\\/?s={search_term_string}\"},\"query-input\":{\"@type\":\"PropertyValueSpecification\",\"valueRequired\":true,\"valueName\":\"search_term_string\"}}],\"inLanguage\":\"fr-CA\"},{\"@type\":\"Organization\",\"@id\":\"https:\\\/\\\/can.wrmeadows.com\\\/fr-ca\\\/#organization\",\"name\":\"W. R. Meadows Canada\",\"url\":\"https:\\\/\\\/can.wrmeadows.com\\\/fr-ca\\\/\",\"logo\":{\"@type\":\"ImageObject\",\"inLanguage\":\"fr-CA\",\"@id\":\"https:\\\/\\\/can.wrmeadows.com\\\/fr-ca\\\/#\\\/schema\\\/logo\\\/image\\\/\",\"url\":\"https:\\\/\\\/can.wrmeadows.com\\\/wp-content\\\/uploads\\\/logo-3.jpg\",\"contentUrl\":\"https:\\\/\\\/can.wrmeadows.com\\\/wp-content\\\/uploads\\\/logo-3.jpg\",\"width\":709,\"height\":709,\"caption\":\"W. R. Meadows Canada\"},\"image\":{\"@id\":\"https:\\\/\\\/can.wrmeadows.com\\\/fr-ca\\\/#\\\/schema\\\/logo\\\/image\\\/\"},\"sameAs\":[\"https:\\\/\\\/www.facebook.com\\\/wrmeadows\",\"https:\\\/\\\/x.com\\\/wrmeadows\",\"https:\\\/\\\/www.linkedin.com\\\/company\\\/w-r-meadows-inc\",\"https:\\\/\\\/www.youtube.com\\\/WrmeadowsTraining\",\"https:\\\/\\\/www.instagram.com\\\/wrmeadowsinc\\\/\"]}]}<\/script>\n<!-- \/ Yoast SEO Premium plugin. -->","yoast_head_json":{"title":"Documentation sur les produits de construction - W. R. Meadows Canada","robots":{"index":"index","follow":"follow","max-snippet":"max-snippet:-1","max-image-preview":"max-image-preview:large","max-video-preview":"max-video-preview:-1"},"canonical":"https:\/\/can.wrmeadows.com\/fr-ca\/documentation-sur-les-produits-de-construction\/","og_locale":"en_US","og_type":"article","og_title":"Documentation sur les produits de construction","og_url":"https:\/\/can.wrmeadows.com\/fr-ca\/documentation-sur-les-produits-de-construction\/","og_site_name":"W. R. Meadows Canada","article_publisher":"https:\/\/www.facebook.com\/wrmeadows","article_modified_time":"2024-03-05T15:36:13+00:00","og_image":[{"url":"https:\/\/can.wrmeadows.com\/wp-content\/uploads\/br-2-fr.jpg","type":"","width":"","height":""}],"twitter_card":"summary_large_image","twitter_site":"@wrmeadows","twitter_misc":{"Estimation du temps de lecture":"4 minutes"},"schema":{"@context":"https:\/\/schema.org","@graph":[{"@type":"WebPage","@id":"https:\/\/can.wrmeadows.com\/fr-ca\/documentation-sur-les-produits-de-construction\/","url":"https:\/\/can.wrmeadows.com\/fr-ca\/documentation-sur-les-produits-de-construction\/","name":"Documentation sur les produits de construction - W. R. Meadows Canada","isPartOf":{"@id":"https:\/\/can.wrmeadows.com\/fr-ca\/#website"},"primaryImageOfPage":{"@id":"https:\/\/can.wrmeadows.com\/fr-ca\/documentation-sur-les-produits-de-construction\/#primaryimage"},"image":{"@id":"https:\/\/can.wrmeadows.com\/fr-ca\/documentation-sur-les-produits-de-construction\/#primaryimage"},"thumbnailUrl":"https:\/\/can.wrmeadows.com\/wp-content\/uploads\/br-2-fr.jpg","datePublished":"2012-10-25T15:37:21+00:00","dateModified":"2024-03-05T15:36:13+00:00","breadcrumb":{"@id":"https:\/\/can.wrmeadows.com\/fr-ca\/documentation-sur-les-produits-de-construction\/#breadcrumb"},"inLanguage":"fr-CA","potentialAction":[{"@type":"ReadAction","target":["https:\/\/can.wrmeadows.com\/fr-ca\/documentation-sur-les-produits-de-construction\/"]}]},{"@type":"ImageObject","inLanguage":"fr-CA","@id":"https:\/\/can.wrmeadows.com\/fr-ca\/documentation-sur-les-produits-de-construction\/#primaryimage","url":"https:\/\/can.wrmeadows.com\/wp-content\/uploads\/br-2-fr.jpg","contentUrl":"https:\/\/can.wrmeadows.com\/wp-content\/uploads\/br-2-fr.jpg"},{"@type":"BreadcrumbList","@id":"https:\/\/can.wrmeadows.com\/fr-ca\/documentation-sur-les-produits-de-construction\/#breadcrumb","itemListElement":[{"@type":"ListItem","position":1,"name":"Home","item":"https:\/\/can.wrmeadows.com\/fr-ca\/"},{"@type":"ListItem","position":2,"name":"Documentation sur les produits de construction"}]},{"@type":"WebSite","@id":"https:\/\/can.wrmeadows.com\/fr-ca\/#website","url":"https:\/\/can.wrmeadows.com\/fr-ca\/","name":"W. R. Meadows Canada","description":"Concrete Construction Products Manufacturer","publisher":{"@id":"https:\/\/can.wrmeadows.com\/fr-ca\/#organization"},"potentialAction":[{"@type":"SearchAction","target":{"@type":"EntryPoint","urlTemplate":"https:\/\/can.wrmeadows.com\/fr-ca\/?s={search_term_string}"},"query-input":{"@type":"PropertyValueSpecification","valueRequired":true,"valueName":"search_term_string"}}],"inLanguage":"fr-CA"},{"@type":"Organization","@id":"https:\/\/can.wrmeadows.com\/fr-ca\/#organization","name":"W. R. Meadows Canada","url":"https:\/\/can.wrmeadows.com\/fr-ca\/","logo":{"@type":"ImageObject","inLanguage":"fr-CA","@id":"https:\/\/can.wrmeadows.com\/fr-ca\/#\/schema\/logo\/image\/","url":"https:\/\/can.wrmeadows.com\/wp-content\/uploads\/logo-3.jpg","contentUrl":"https:\/\/can.wrmeadows.com\/wp-content\/uploads\/logo-3.jpg","width":709,"height":709,"caption":"W. R. Meadows Canada"},"image":{"@id":"https:\/\/can.wrmeadows.com\/fr-ca\/#\/schema\/logo\/image\/"},"sameAs":["https:\/\/www.facebook.com\/wrmeadows","https:\/\/x.com\/wrmeadows","https:\/\/www.linkedin.com\/company\/w-r-meadows-inc","https:\/\/www.youtube.com\/WrmeadowsTraining","https:\/\/www.instagram.com\/wrmeadowsinc\/"]}]}},"_links":{"self":[{"href":"https:\/\/can.wrmeadows.com\/fr-ca\/wp-json\/wp\/v2\/pages\/8302","targetHints":{"allow":["GET"]}}],"collection":[{"href":"https:\/\/can.wrmeadows.com\/fr-ca\/wp-json\/wp\/v2\/pages"}],"about":[{"href":"https:\/\/can.wrmeadows.com\/fr-ca\/wp-json\/wp\/v2\/types\/page"}],"author":[{"embeddable":true,"href":"https:\/\/can.wrmeadows.com\/fr-ca\/wp-json\/wp\/v2\/users\/1"}],"replies":[{"embeddable":true,"href":"https:\/\/can.wrmeadows.com\/fr-ca\/wp-json\/wp\/v2\/comments?post=8302"}],"version-history":[{"count":1,"href":"https:\/\/can.wrmeadows.com\/fr-ca\/wp-json\/wp\/v2\/pages\/8302\/revisions"}],"predecessor-version":[{"id":63974,"href":"https:\/\/can.wrmeadows.com\/fr-ca\/wp-json\/wp\/v2\/pages\/8302\/revisions\/63974"}],"wp:attachment":[{"href":"https:\/\/can.wrmeadows.com\/fr-ca\/wp-json\/wp\/v2\/media?parent=8302"}],"curies":[{"name":"wp","href":"https:\/\/api.w.org\/{rel}","templated":true}]}}